{"id":9778,"date":"2025-03-22T07:52:13","date_gmt":"2025-03-22T07:52:13","guid":{"rendered":"https:\/\/liefs-living.nl\/?post_type=product&#038;p=9778"},"modified":"2026-05-02T09:35:23","modified_gmt":"2026-05-02T09:35:23","slug":"kulisse-fur-hochzeiten-und-feste","status":"publish","type":"product","link":"https:\/\/liefs-living.nl\/de\/product\/backdrop-voor-bruiloften-en-feesten\/","title":{"rendered":"Backdrop f\u00fcr Hochzeiten und Partys"},"content":{"rendered":"<p class=\"\" data-start=\"0\" data-end=\"58\"><strong data-start=\"0\" data-end=\"56\">Kulissenverleih f\u00fcr Ihre Hochzeit \ud83c\udf3f\u2728 | Liefs-Living<\/strong><\/p>\n<p class=\"\" data-start=\"60\" data-end=\"398\">Du bist auf der Suche nach dem perfekten Blickfang f\u00fcr deine Hochzeit \ud83d\udc8d. <strong data-start=\"130\" data-end=\"146\">Liebe-Leben<\/strong> mieten Sie einen stilvollen <strong data-start=\"170\" data-end=\"182\">Kulisse<\/strong> die Ihrer Zeremonie, Ihrem Fotoshooting oder Ihrer Partylocation einen besonders romantischen und luxuri\u00f6sen Look verleihen. Unsere Kulissen sind sorgf\u00e4ltig ausgew\u00e4hlt und bilden eine wundersch\u00f6ne Kulisse f\u00fcr das Eheversprechen oder die sch\u00f6nsten Hochzeitsfotos \ud83d\udcf8.<\/p>\n<h3 class=\"\" data-start=\"400\" data-end=\"449\">Mieten Sie Ihre Kulisse mit oder ohne Blumenschmuck \ud83c\udf38.<\/h3>\n<p class=\"\" data-start=\"450\" data-end=\"957\">Unsere Backdrops k\u00f6nnen Sie mieten <b>Blumenarrangement inklusive<\/b>, ganz auf Ihre Bed\u00fcrfnisse und Ihren Stil zugeschnitten. M\u00f6chten Sie, dass die Kulisse gl\u00e4nzt? Dann sorgen wir f\u00fcr ein atemberaubendes Blumenarrangement mit echten Blumen, das perfekt zu Ihrem Thema und Ihrer Farbpalette passt. Sie k\u00f6nnen w\u00e4hlen zwischen:<br data-start=\"734\" data-end=\"737\" \/>\u2705 <strong data-start=\"739\" data-end=\"756\">Frische Blumen<\/strong> - saisonal und frisch von der Auktion, f\u00fcr ein nat\u00fcrliches und frisches Aussehen \ud83c\udf3f\ud83c\udf37 (auf Anfrage und gegen Aufpreis)<br data-start=\"847\" data-end=\"850\" \/>\u2705 <strong data-start=\"852\" data-end=\"878\">Seiden- oder Kunstblumen<\/strong> - langlebig und sch\u00f6n, ideal, wenn Sie alles im Voraus fertig haben wollen \ud83c\udf3a\u2728<\/p>\n<h3 class=\"\" data-start=\"959\" data-end=\"1012\">Warum eine Kulisse von Liefs-Living w\u00e4hlen?<\/h3>\n<p class=\"\" data-start=\"1013\" data-end=\"1342\">\ud83d\udcab <strong data-start=\"1016\" data-end=\"1043\">Einzigartig ist unser Standard<\/strong> - Jedes Blumenarrangement wird von unserem erfahrenen Floristen Joyce mit Liebe und handwerklichem Geschick gefertigt.<br data-start=\"1132\" data-end=\"1135\" \/>\ud83d\udcab Flexible Vermietung: mit oder ohne Blumenschmuck<br data-start=\"1180\" data-end=\"1183\" \/>\ud83d\udcab Wahlweise frische oder k\u00fcnstliche Blumen<br data-start=\"1217\" data-end=\"1220\" \/>\ud83d\udcab Professionelle Vermittlung vor Ort m\u00f6glich<br data-start=\"1266\" data-end=\"1269\" \/>\ud83d\udcab Ein echter Blickfang w\u00e4hrend der Zeremonie, bei den Getr\u00e4nken oder auf der Tanzfl\u00e4che<\/p>\n<p data-start=\"1013\" data-end=\"1342\"><strong>\ud83d\udcab Hinweis: In der Region S\u00fcd- und Mittellimburg werden die Kulissen zu einem Pauschalpreis von 50,00 \u20ac geliefert und abgeholt. Au\u00dferhalb S\u00fcdlimburgs erfolgt dies nach Vereinbarung. Selbstabholung und R\u00fcckgabe ist nicht m\u00f6glich.<\/strong><\/p>\n<p class=\"\" data-start=\"1344\" data-end=\"1572\">Ob Sie von einer l\u00e4ndlichen Kulisse in zarten Pastellt\u00f6nen oder einem schicken, modernen Stil tr\u00e4umen - bei <strong data-start=\"1446\" data-end=\"1462\">Liebe-Leben<\/strong> wir machen es m\u00f6glich. Wir denken gerne mit Ihnen mit, um eine Kulisse zu schaffen, die Ihren Tag vervollst\u00e4ndigt.<\/p>\n<h3 class=\"\" data-start=\"1574\" data-end=\"1590\">Interessiert?<\/h3>\n<p class=\"\" data-start=\"1591\" data-end=\"1767\">Nehmen Sie Kontakt mit uns auf, um Optionen, Verf\u00fcgbarkeit und ein ma\u00dfgeschneidertes Angebot zu erhalten. Gemeinsam werden wir eine Kulisse schaffen, die Ihre Hochzeit unvergesslich machen wird \ud83d\udc95.<\/p>\n<p data-start=\"1591\" data-end=\"1767\">Wir rufen immer an, um weitere Einzelheiten \u00fcber die Vermietung und den Tag zu erfahren.<\/p>\n<p data-start=\"1591\" data-end=\"1767\"><strong>Die Kaution ist auf 100 \u20ac festgelegt.<\/strong><\/p>\n<p data-start=\"1591\" data-end=\"1767\"><strong>\ud83c\udf3f In der Region S\u00fcdlimburg berechnen wir eine Standardeinrichtungsgeb\u00fchr (Abholung und R\u00fcckgabe) von 25 \u20ac.<\/strong><\/p>\n<p data-start=\"1591\" data-end=\"1767\"><strong>Bitte rufen Sie vor der Abreise an oder schicken Sie eine E-Mail, um die Verf\u00fcgbarkeit zu erfragen; die angegebenen Mietpreise sind Tagespreise.<\/strong><\/p>\n<p class=\"\" data-start=\"1769\" data-end=\"1862\"><strong data-start=\"1769\" data-end=\"1802\">Liebe Gr\u00fc\u00dfe, Joyce &amp; Robert von Liefs-Living<\/strong><br data-start=\"1802\" data-end=\"1805\" \/>\ud83c\udf3f <em data-start=\"1808\" data-end=\"1859\">F\u00fcr eine Hochzeit, die vor Liebe und Stil strahlt<\/em> \ud83c\udf3f<\/p>","protected":false},"excerpt":{"rendered":"<p class=\"\" data-start=\"0\" data-end=\"58\"><strong data-start=\"0\" data-end=\"56\">Kulissenverleih f\u00fcr Ihre Hochzeit \ud83c\udf3f\u2728 | Liefs-Living<\/strong><\/p>\n<p class=\"\" data-start=\"60\" data-end=\"398\">Du bist auf der Suche nach dem perfekten Blickfang f\u00fcr deine Hochzeit \ud83d\udc8d. <strong data-start=\"130\" data-end=\"146\">Liebe-Leben<\/strong> mieten Sie einen stilvollen <strong data-start=\"170\" data-end=\"182\">Kulisse<\/strong> die Ihrer Zeremonie, Ihrem Fotoshooting oder Ihrer Partylocation einen besonders romantischen und luxuri\u00f6sen Look verleihen. Unsere Kulissen sind sorgf\u00e4ltig ausgew\u00e4hlt und bilden eine wundersch\u00f6ne Kulisse f\u00fcr das Eheversprechen oder die sch\u00f6nsten Hochzeitsfotos \ud83d\udcf8. <strong>Rufen Sie vor der Abreise an oder schicken Sie eine E-Mail, um die Verf\u00fcgbarkeit zu erfragen. Die angegebenen Mietpreise sind Tagespreise.<\/strong><\/p>","protected":false},"featured_media":15942,"comment_status":"open","ping_status":"closed","template":"","meta":{"jetpack_publicize_message":"","jetpack_publicize_feature_enabled":true,"jetpack_social_post_already_shared":true,"jetpack_social_options":{"image_generator_settings":{"template":"highway","default_image_id":0,"font":"","enabled":false},"version":2}},"product_brand":[],"product_cat":[1013],"product_tag":[1112,1118,1116,1113,1117,1114,1115],"class_list":{"0":"post-9778","1":"product","2":"type-product","3":"status-publish","4":"has-post-thumbnail","6":"product_cat-kunstbloemen","7":"product_tag-backdrop","8":"product_tag-backdrop-te-huur","9":"product_tag-bruidsbloemen","10":"product_tag-bruiloft","11":"product_tag-huren-backdrop","12":"product_tag-trouwen","13":"product_tag-trouweninlimburg","15":"first","16":"instock","17":"taxable","18":"shipping-taxable","19":"purchasable","20":"product-type-variable"},"aioseo_notices":[],"jetpack_publicize_connections":[],"jetpack-related-posts":[],"jetpack_sharing_enabled":true,"_links":{"self":[{"href":"https:\/\/liefs-living.nl\/de\/wp-json\/wp\/v2\/product\/9778","targetHints":{"allow":["GET"]}}],"collection":[{"href":"https:\/\/liefs-living.nl\/de\/wp-json\/wp\/v2\/product"}],"about":[{"href":"https:\/\/liefs-living.nl\/de\/wp-json\/wp\/v2\/types\/product"}],"replies":[{"embeddable":true,"href":"https:\/\/liefs-living.nl\/de\/wp-json\/wp\/v2\/comments?post=9778"}],"wp:featuredmedia":[{"embeddable":true,"href":"https:\/\/liefs-living.nl\/de\/wp-json\/wp\/v2\/media\/15942"}],"wp:attachment":[{"href":"https:\/\/liefs-living.nl\/de\/wp-json\/wp\/v2\/media?parent=9778"}],"wp:term":[{"taxonomy":"product_brand","embeddable":true,"href":"https:\/\/liefs-living.nl\/de\/wp-json\/wp\/v2\/product_brand?post=9778"},{"taxonomy":"product_cat","embeddable":true,"href":"https:\/\/liefs-living.nl\/de\/wp-json\/wp\/v2\/product_cat?post=9778"},{"taxonomy":"product_tag","embeddable":true,"href":"https:\/\/liefs-living.nl\/de\/wp-json\/wp\/v2\/product_tag?post=9778"}],"curies":[{"name":"wp","href":"https:\/\/api.w.org\/{rel}","templated":true}]}}